{"id":10,"date":"2020-04-28T05:09:05","date_gmt":"2020-04-28T05:09:05","guid":{"rendered":"http:\/\/depradaaprana.com\/shop\/?post_type=product&#038;p=10"},"modified":"2020-06-02T01:04:30","modified_gmt":"2020-06-02T01:04:30","slug":"de-prada-a-prana-un-recorrido-por-el-despertar-espiritual","status":"publish","type":"product","link":"https:\/\/depradaaprana.com\/shop\/producto\/de-prada-a-prana-un-recorrido-por-el-despertar-espiritual\/","title":{"rendered":"De Prada a Prana: un recorrido por el despertar espiritual"},"content":{"rendered":"","protected":false},"excerpt":{"rendered":"<p>La autora te invita a unirte a un viaje de aventuras, en donde te comparte su transici\u00f3n de ser una chica superficial y vac\u00eda a emprender un camino en el despertar espiritual para cambiar su vida positivamente.Te proporciona las herramientas que le ayudaron a trabajar a nivel personal para de esta forma vivir una vida mas plena, llena de armon\u00eda y amor. Ademas te comparte una serie de ejercicios de re programaci\u00f3n, para borrar viejas memorias atoradas en el subconsciente, meditaciones, dietas des-intoxic\u00e1ntes y m\u00faltiples aventuras de una forma muy simp\u00e1tica, acerca de su camino por este recorrido, que te har\u00e1n como a ella, tomar las riendas de tu vida y crear una realidad de tanta satisfacci\u00f3n, que no necesitaras mas buscar la felicidad fuera de ti, pues sabr\u00e1s que esta y siempre estuvo dentro de ti.<\/p>\n","protected":false},"featured_media":11,"template":"","meta":[],"_links":{"self":[{"href":"https:\/\/depradaaprana.com\/shop\/wp-json\/wp\/v2\/product\/10"}],"collection":[{"href":"https:\/\/depradaaprana.com\/shop\/wp-json\/wp\/v2\/product"}],"about":[{"href":"https:\/\/depradaaprana.com\/shop\/wp-json\/wp\/v2\/types\/product"}],"wp:featuredmedia":[{"embeddable":true,"href":"https:\/\/depradaaprana.com\/shop\/wp-json\/wp\/v2\/media\/11"}],"wp:attachment":[{"href":"https:\/\/depradaaprana.com\/shop\/wp-json\/wp\/v2\/media?parent=10"}],"curies":[{"name":"wp","href":"https:\/\/api.w.org\/{rel}","templated":true}]}}